{"id":3,"date":"2021-02-15T09:02:27","date_gmt":"2021-02-15T09:02:27","guid":{"rendered":"https:\/\/decolonizinginvienna.at\/?page_id=3"},"modified":"2021-02-16T21:52:20","modified_gmt":"2021-02-16T21:52:20","slug":"privacy-policy","status":"publish","type":"page","link":"https:\/\/decolonizinginvienna.at\/?page_id=3","title":{"rendered":"Impressum"},"content":{"rendered":"\n<h2>Wer wir sind <\/h2>\n\n\n\n<p>Die Adresse unserer Website ist: https:\/\/decolonizinginvienna.at.<\/p>\n\n\n\n<p>f\u00fcr den Inhalt der Website von Decolonizing in Vienna! verantwortlich:<\/p>\n\n\n\n<p><strong>Mag. Peter Haselmayer<\/strong><\/p>\n\n\n\n<p>Ottakringer Stra\u00dfe 35\/16<\/p>\n\n\n\n<p>1160 Wien<\/p>\n\n\n\n<p>+43 650 526 72 90<\/p>\n\n\n\n<p>webmaster(at)decolonizinginvienna.at<\/p>\n\n\n\n<p><\/p>\n\n\n\n<p><strong>Datenschutz<\/strong><\/p>\n\n\n\n<p>Diese Website verwendet LocalStorage, um die Einstellung zu speichern, wenn die Unterst\u00fctzung f\u00fcr den Dark Mode ein- oder ausgeschaltet wird.<br>LocalStorage ist notwendig, damit die Einstellung funktioniert, und wird nur verwendet, wenn ein Benutzer auf die Schaltfl\u00e4che Dark Mode klickt.<br>Es werden keine Daten in die Datenbank gespeichert oder \u00fcbertragen.<\/p>\n\n\n\n<p><\/p>\n\n\n\n<p>Die Autor*innen \u00fcbernehmen keinerlei Gew\u00e4hr f\u00fcr die Aktualit\u00e4t, Korrektheit, Vollst\u00e4ndigkeit oder Qualit\u00e4t der bereitgestellten Informationen. Haftungsanspr\u00fcche gegen die Autor*innen, welche sich auf Sch\u00e4den materieller oder ideeller Art beziehen, die durch die Nutzung oder Nichtnutzung der dargebotenen Informationen bzw. durch die Nutzung fehlerhafter und unvollst\u00e4ndiger Informationen verursacht wurden, sind grunds\u00e4tzlich ausgeschlossen, sofern seitens der Autor*innen kein nachweislich vors\u00e4tzliches oder grob fahrl\u00e4ssiges Verschulden vorliegt.<\/p>\n\n\n\n<p>Alle Angebote sind freibleibend und unverbindlich. Die Autor*innen behalten es sich ausdr\u00fccklich vor, Teile der Seiten oder das gesamte Angebot ohne gesonderte Ank\u00fcndigung und Begr\u00fcndung zu ver\u00e4ndern, zu erg\u00e4nzen, zu l\u00f6schen oder die Ver\u00f6ffentlichung zeitweise oder endg\u00fcltig einzustellen.<\/p>\n\n\n\n<p>Bei den externen Links handelt es sich um eine subjektive Auswahl von Verweisen auf andere Internetseiten. F\u00fcr den Inhalt dieser Seiten sind die jeweiligen Betreiber*innen\/Verfasser*innen selbst verantwortlich und haftbar. Von etwaigen illegalen, pers\u00f6nlichkeitsverletzenden, moralisch oder ethish anst\u00f6\u00dfigen Inhalten distanzieren wir uns in aller Deutlichkeit. Bitte informieren Sie uns, wenn wir auf ein solches Angebot linken sollten.<\/p>\n\n\n\n<p>Diese Erkl\u00e4rung gilt f\u00fcr alle auf dieser Homepage angebrachten Links und f\u00fcr Fremdeintr\u00e4ge sowie f\u00fcr alle Inhalte der Seiten, zu denen die hier gelinkten Seiten f\u00fchren. Bei \u201aLinks\u2018 handelt es sich allerdings stets um \u201alebende\u2018 (dynamische) Verweisungen. Die Autor*innen haben bei der erstmaligen Verkn\u00fcpfung zwar den fremden Inhalt daraufhin \u00fcberpr\u00fcft, ob durch ihn eine m\u00f6gliche zivilrechtliche oder strafrechtliche Verantwortlichkeit ausgel\u00f6st wird. Die Inhaltanbieter*innen sind aber nicht dazu verpflichtet, die Inhalte, auf die sie in ihrem Angebot verweisen, st\u00e4ndig auf Ver\u00e4nderungen zu \u00fcberpr\u00fcfen, die eine Verantwortlichkeit neu begr\u00fcnden k\u00f6nnten. Erst wenn sie feststellen oder von anderen darauf hingewiesen werden, dass ein konkretes Angebot, zu dem sie einen Link bereitgestellt haben, eine zivil- oder strafrechtliche Verantwortlichkeit ausl\u00f6st, werden sie den Verweis auf dieses Angebot aufheben, soweit ihnen dies technisch m\u00f6glich und zumutbar ist.<\/p>\n\n\n\n<p>Eine Vervielf\u00e4ltigung der auf diesen Seiten angebotenen Dateien auf ein jegliches Medium bedarf der direkten oder konkludenten Genehmigung durch die jeweiligen Autor*innen. Die Darstellung einer Seite aus diesem Dienst in dem Frame einer fremden Seite oder das Darstellen von Inhalten dieses Dienstes als eigene Information ist grunds\u00e4tzlich untersagt.<\/p>\n\n\n\n<p>Gesch\u00e4tzte Warenzeichen und Namen, Bilder und Texte wurden in der Regel nicht als solche kenntlich gemacht. Das Fehlen einer solchen Kennzeichnung bedeutet nicht, dass es sich um einen freien Namen, ein freies Bild oder einen freien Text des Waren- und Markenzeichenrechts handelt. Alle Informationen, Firmenzeichen, Texte, Programme, Graphiken und Bilder unterliegen dem Urheberrecht. Sie sind, soweit keine anderen Eigentumsvorbehalte greifen, Eigentum der Autor*innen.<\/p>\n\n\n\n<p>Die ausgew\u00e4hlten Materialien auf dieser Seite werden verwendet in \u00dcbereinstimmung mit den Prinzipien des fairen bzw. akzeptablen Gebrauchs zum Zwecke der Rezension, Forschung, Kritik oder Berichterstattung wie es im internationalen Urheberrrecht festgelegt worden ist. Des weiteren dienen sie kulturellen und k\u00fcnstlerischen Zwecken. Bei einer Verletzung von fremdem Urheberrecht oder sonstigen Rechten durch die Seitenbetreiber*innen oder Autor*innen ist auf die Verletzung per eMail kontakt(at)decolonizinginvienna.at hinzuweisen. Bei Bestehen einer Verletzung wird der Sachverhalt umgehend beseitigt.<\/p>\n\n\n\n<p>Bei Fragen wenden Sie sich bitte an folgende E-Mailadresse: kontakt(at)decolonizinginvienna.at<\/p>\n","protected":false},"excerpt":{"rendered":"<p>Wer wir sind Die Adresse unserer Website ist: https:\/\/decolonizinginvienna.at. f\u00fcr den Inhalt der Website von Decolonizing in Vienna! verantwortlich: Mag. Peter Haselmayer Ottakringer Stra\u00dfe 35\/16 1160 Wien +43 650 526 72 90 webmaster(at)decolonizinginvienna.at Datenschutz Diese Website verwendet LocalStorage, um die Einstellung zu speichern, wenn die Unterst\u00fctzung f\u00fcr den Dark Mode ein- oder ausgeschaltet wird.LocalStorage ist&hellip; <a class=\"more-link\" href=\"https:\/\/decolonizinginvienna.at\/?page_id=3\"><span class=\"screen-reader-text\">Impressum<\/span> weiterlesen<\/a><\/p>\n","protected":false},"author":1,"featured_media":0,"parent":0,"menu_order":0,"comment_status":"closed","ping_status":"open","template":"","meta":[],"_links":{"self":[{"href":"https:\/\/decolonizinginvienna.at\/index.php?rest_route=\/wp\/v2\/pages\/3"}],"collection":[{"href":"https:\/\/decolonizinginvienna.at\/index.php?rest_route=\/wp\/v2\/pages"}],"about":[{"href":"https:\/\/decolonizinginvienna.at\/index.php?rest_route=\/wp\/v2\/types\/page"}],"author":[{"embeddable":true,"href":"https:\/\/decolonizinginvienna.at\/index.php?rest_route=\/wp\/v2\/users\/1"}],"replies":[{"embeddable":true,"href":"https:\/\/decolonizinginvienna.at\/index.php?rest_route=%2Fwp%2Fv2%2Fcomments&post=3"}],"version-history":[{"count":2,"href":"https:\/\/decolonizinginvienna.at\/index.php?rest_route=\/wp\/v2\/pages\/3\/revisions"}],"predecessor-version":[{"id":44,"href":"https:\/\/decolonizinginvienna.at\/index.php?rest_route=\/wp\/v2\/pages\/3\/revisions\/44"}],"wp:attachment":[{"href":"https:\/\/decolonizinginvienna.at\/index.php?rest_route=%2Fwp%2Fv2%2Fmedia&parent=3"}],"curies":[{"name":"wp","href":"https:\/\/api.w.org\/{rel}","templated":true}]}}