{"id":73,"date":"2021-02-15T17:44:53","date_gmt":"2021-02-15T17:44:53","guid":{"rendered":"https:\/\/decolonizinginvienna.at\/?page_id=73"},"modified":"2024-03-11T09:50:05","modified_gmt":"2024-03-11T09:50:05","slug":"workshops","status":"publish","type":"page","link":"https:\/\/decolonizinginvienna.at\/?page_id=73","title":{"rendered":"Spazierg\u00e4nge"},"content":{"rendered":"\n<h1>Stadtspazierg\u00e4nge<\/h1>\n\n\n\n<p>Termine<\/p>\n\n\n\n<p>22. M\u00e4rz 2024, 15h, Peoples Summit 2024, https:\/\/www.peoplessummit.at\/<\/p>\n\n\n\n<p>17. M\u00e4rz 2024, 10h30, 1. \u00f6sterr. Antirassimustage \u00d6sterreich, 1. Bezirk<\/p>\n\n\n\n<figure class=\"wp-block-embed is-type-wp-embed is-provider-osterreichische-antirassismus-tage wp-block-embed-osterreichische-antirassismus-tage\"><div class=\"wp-block-embed__wrapper\">\n<blockquote class=\"wp-embedded-content\" data-secret=\"PjBi1yUfWi\"><a href=\"https:\/\/antirassismustage.at\/veranstaltung\/performativer-stadtspaziergang-zu-kolonialitaet-und-weisse-unschuld-in-wien\/\">Performativer Stadtspaziergang zu Kolonialit\u00e4t und wei\u00dfe Unschuld in Wien<\/a><\/blockquote><iframe class=\"wp-embedded-content\" sandbox=\"allow-scripts\" security=\"restricted\" style=\"position: absolute; clip: rect(1px, 1px, 1px, 1px);\" title=\"&#8222;Performativer Stadtspaziergang zu Kolonialit\u00e4t und wei\u00dfe Unschuld in Wien&#8220; &#8212; \u00d6sterreichische Antirassismus Tage\" src=\"https:\/\/antirassismustage.at\/veranstaltung\/performativer-stadtspaziergang-zu-kolonialitaet-und-weisse-unschuld-in-wien\/embed\/#?secret=W8KGXdrI5L#?secret=PjBi1yUfWi\" data-secret=\"PjBi1yUfWi\" width=\"600\" height=\"338\" frameborder=\"0\" marginwidth=\"0\" marginheight=\"0\" scrolling=\"no\"><\/iframe>\n<\/div><\/figure>\n\n\n\n<p>April 2024&#8230; KONVERSATION\/ Diskussion im Volkskundemuseum Wien<\/p>\n\n\n\n<p>10. M\u00e4rz 2024, F\u00fchrung &amp; Gespr\u00e4ch in der Ausstellung im Volkskundemuseum Wien, <a href=\"https:\/\/www.volkskundemuseum.at\/open_spaces_galleries\">Open Spaces &amp; Galleries<\/a><\/p>\n\n\n\n<p><\/p>\n\n\n\n<div class=\"wp-block-group\"><div class=\"wp-block-group__inner-container\">\n<p><strong>Hietzing kolonial \u2013 Deconstructing white Innocence<\/strong><\/p>\n<\/div><\/div>\n\n\n\n<div class=\"wp-block-columns is-style-default\">\n<div class=\"wp-block-column\" style=\"flex-basis:50%\">\n<p>Dieser Spaziergang mit Petz Haselmayer (Walter Ego) beginnt an der U-Bahn Station Hietzing und macht sich auf die Suche von Spuren kolonialer Vergangenheit. Dabei steht im besonderen Fokus wie vor allem die im 19. Jahrhundert aufkommende Disziplin der Botanik mit&nbsp;<em>wei\u00dfer<\/em>\u00dcberlegenheit und Kolonialit\u00e4t verwoben ist. Es werden Denkm\u00e4ler, Stra\u00dfenbezeichnungen und Stadtgeschichte aufgegriffen und in neue Beziehungen gebracht. Dauer: 1 1\/2 &#8211; 2 Stunden. <\/p>\n<\/div>\n\n\n\n<div class=\"wp-block-column\" style=\"flex-basis:50%\">\n<figure class=\"wp-block-image size-large\"><img loading=\"lazy\" width=\"768\" height=\"1024\" src=\"https:\/\/decolonizinginvienna.at\/wp-content\/uploads\/2021\/02\/IMG_4763-768x1024.jpg\" alt=\"\" class=\"wp-image-112\" srcset=\"https:\/\/decolonizinginvienna.at\/wp-content\/uploads\/2021\/02\/IMG_4763-768x1024.jpg 768w, https:\/\/decolonizinginvienna.at\/wp-content\/uploads\/2021\/02\/IMG_4763-225x300.jpg 225w, https:\/\/decolonizinginvienna.at\/wp-content\/uploads\/2021\/02\/IMG_4763-1152x1536.jpg 1152w, https:\/\/decolonizinginvienna.at\/wp-content\/uploads\/2021\/02\/IMG_4763-1536x2048.jpg 1536w, https:\/\/decolonizinginvienna.at\/wp-content\/uploads\/2021\/02\/IMG_4763-1568x2091.jpg 1568w, https:\/\/decolonizinginvienna.at\/wp-content\/uploads\/2021\/02\/IMG_4763-scaled.jpg 1920w\" sizes=\"(max-width: 768px) 100vw, 768px\" \/><\/figure>\n<\/div>\n<\/div>\n\n\n\n<p><\/p>\n\n\n\n<p><strong>Dekoloniale Stadtspazierg\u00e4nge: Auf der Suche nach kolonialen Verflechtungen im 1. Bezirk<\/strong><br>mit Carla Bobadilla, am 10.09.2022, 12 &#8211; 14 Uhr, auf Einladung der <em>Gr\u00fcnen Bildungswerkstatt Wien<\/em>. Anmeldung erforderlich! <a href=\"https:\/\/wien.gbw.at\/veranstaltungen\/ereignisansicht\/event\/dekoloniale-stadtspaziergaenge-iii-koloniale-verflechtungen-im-1-bezirk\/\">https:\/\/wien.gbw.at\/veranstaltungen\/ereignisansicht\/event\/dekoloniale-stadtspaziergaenge-iii-koloniale-verflechtungen-im-1-bezirk\/<\/a><\/p>\n\n\n\n<p><strong>Performativer Stadtspaziergang<\/strong><br>mit Carla Bobadilla, am 25.09.2022, 11-13 Uhr, im Rahmen der Ausstellung <em><a rel=\"noreferrer noopener\" href=\"https:\/\/www.volkskundemuseum.at\/wasunswichtigist\" data-type=\"URL\" data-id=\"https:\/\/www.volkskundemuseum.at\/wasunswichtigist\" target=\"_blank\">Was uns wichtig ist! Perspektiven zeitgen\u00f6ssischer Kunst auf Kulturerbe<\/a><\/em> im <em>Volkskundemuseum Wien<\/em>.<br>Anmeldung erforderlich!<\/p>\n\n\n\n<p><strong>Hietzing kolonial &#8211; Deconstructing white Innocence<\/strong> <br>mit Petz Haselmayer, am 26.10.2022, 11-13 Uhr, im Rahmen der Ausstellung <em><a rel=\"noreferrer noopener\" href=\"https:\/\/www.volkskundemuseum.at\/wasunswichtigist\" data-type=\"URL\" data-id=\"https:\/\/www.volkskundemuseum.at\/wasunswichtigist\" target=\"_blank\">Was uns wichtig ist! Perspektiven zeitgen\u00f6ssischer Kunst auf Kulturerbe<\/a><\/em> im  <em>Volkskundemuseum Wien<\/em>.<br>Anmeldung erforderlich!<\/p>\n\n\n\n<p><strong>Performativer Stadtspaziergang<br><\/strong>im Rahmen der Tagung <em><a rel=\"noreferrer noopener\" href=\"https:\/\/igpb.at\/wp-content\/uploads\/Call-for-Papers_Dekoloniale-PB_final.pdf\" target=\"_blank\">Postcolonial Citizens. Dekolonialit\u00e4t in der Politischen Bildung<\/a><\/em> am&nbsp;10. und 11.11.2022.<br>Anmeldung erforderlich!<\/p>\n\n\n\n<p><\/p>\n\n\n\n<p><strong>Dekoloniale Stadterkundung durch Wien<\/strong><br>mit Margarete Grandner, Carla Bobadilla, Gregor Seidl, Marcela Torres<br>03.\/04.07.2020, 10-16 Uhr, siehe&nbsp;<a href=\"https:\/\/f-origin.hypotheses.org\/wp-content\/blogs.dir\/2661\/files\/2020\/07\/DEKOLONIALE-STADTERKUNDUNGEN_-Einladung.pdf\">Einladung<\/a>&nbsp;im Anhang.<\/p>\n\n\n\n<div class=\"wp-block-columns\">\n<div class=\"wp-block-column\" style=\"flex-basis:100%\">\n<p><strong><br>Afrikanisches Wien<br><\/strong>Fallweise \u2013 vorwiegend in der w\u00e4rmeren Jahreszeit \u2013 veranstaltet&nbsp;<a rel=\"noreferrer noopener\" href=\"http:\/\/www.sadocc.at\/\" target=\"_blank\">SADOCC<\/a> Stadtspazierg\u00e4nge durch das \u201eAfrikanische Wien\u201c, die von Prof. Walter Sauer gef\u00fchrt werden.<\/p>\n<\/div>\n<\/div>\n\n\n\n<p><strong>wir erz\u00e4hlen Wien anders \u2013 wir erkunden Wien anders \u2013 wir erinnern Wien anders<\/strong><\/p>\n\n\n\n<p>Wenn Sie Interesse an einem Stadtspaziergang haben, schreiben Sie uns bitte eine Email an <em>kontakt(at)decolonizinginvienna.at<\/em>.<\/p>\n","protected":false},"excerpt":{"rendered":"<p>Stadtspazierg\u00e4nge Termine 22. M\u00e4rz 2024, 15h, Peoples Summit 2024, https:\/\/www.peoplessummit.at\/ 17. M\u00e4rz 2024, 10h30, 1. \u00f6sterr. Antirassimustage \u00d6sterreich, 1. Bezirk April 2024&#8230; KONVERSATION\/ Diskussion im Volkskundemuseum Wien 10. M\u00e4rz 2024, F\u00fchrung &amp; Gespr\u00e4ch in der Ausstellung im Volkskundemuseum Wien, Open Spaces &amp; Galleries Dieser Spaziergang mit Petz Haselmayer (Walter Ego) beginnt an der U-Bahn Station&hellip; <a class=\"more-link\" href=\"https:\/\/decolonizinginvienna.at\/?page_id=73\"><span class=\"screen-reader-text\">Spazierg\u00e4nge<\/span> weiterlesen<\/a><\/p>\n","protected":false},"author":1,"featured_media":0,"parent":0,"menu_order":0,"comment_status":"closed","ping_status":"closed","template":"","meta":[],"_links":{"self":[{"href":"https:\/\/decolonizinginvienna.at\/index.php?rest_route=\/wp\/v2\/pages\/73"}],"collection":[{"href":"https:\/\/decolonizinginvienna.at\/index.php?rest_route=\/wp\/v2\/pages"}],"about":[{"href":"https:\/\/decolonizinginvienna.at\/index.php?rest_route=\/wp\/v2\/types\/page"}],"author":[{"embeddable":true,"href":"https:\/\/decolonizinginvienna.at\/index.php?rest_route=\/wp\/v2\/users\/1"}],"replies":[{"embeddable":true,"href":"https:\/\/decolonizinginvienna.at\/index.php?rest_route=%2Fwp%2Fv2%2Fcomments&post=73"}],"version-history":[{"count":9,"href":"https:\/\/decolonizinginvienna.at\/index.php?rest_route=\/wp\/v2\/pages\/73\/revisions"}],"predecessor-version":[{"id":257,"href":"https:\/\/decolonizinginvienna.at\/index.php?rest_route=\/wp\/v2\/pages\/73\/revisions\/257"}],"wp:attachment":[{"href":"https:\/\/decolonizinginvienna.at\/index.php?rest_route=%2Fwp%2Fv2%2Fmedia&parent=73"}],"curies":[{"name":"wp","href":"https:\/\/api.w.org\/{rel}","templated":true}]}}