{"id":89,"date":"2021-02-15T17:59:35","date_gmt":"2021-02-15T17:59:35","guid":{"rendered":"https:\/\/decolonizinginvienna.at\/?page_id=89"},"modified":"2021-09-23T20:53:28","modified_gmt":"2021-09-23T20:53:28","slug":"projekte","status":"publish","type":"page","link":"https:\/\/decolonizinginvienna.at\/?page_id=89","title":{"rendered":"Projekte"},"content":{"rendered":"\n<h2 style=\"line-height:1\">Ausstellung: \u201eSpace for Kids. Denk(dir)mal!\u201c<\/h2>\n\n\n\n<p><strong>1.10. &#8211; 08.11.2020,&nbsp;<a href=\"https:\/\/kunsthallewien.at\/ausstellung\/space-for-kids-denkdirmal\/\">Kunsthalle Wien<\/a><\/strong><\/p>\n\n\n\n<figure class=\"wp-block-image\"><a href=\"https:\/\/f-origin.hypotheses.org\/wp-content\/blogs.dir\/2661\/files\/2020\/09\/SpaceforKidsDenkdirmal%E2%80%93KunsthalleWien.png\"><img src=\"https:\/\/f-origin.hypotheses.org\/wp-content\/blogs.dir\/2661\/files\/2020\/09\/SpaceforKidsDenkdirmal%E2%80%93KunsthalleWien-300x180.png\" alt=\"\" class=\"wp-image-691\"\/><\/a><\/figure>\n\n\n\n<p><strong>Kurator*innen:<\/strong> Wolfgang Brunner, Andrea Hubin, Michaela Schmidlechner, Michael Simku, Martin Walker<\/p>\n\n\n\n<p>Programm f\u00fcr Kinder ab 6 Jahren<\/p>\n\n\n\n<p><strong><em>Space for Kids<\/em><\/strong> ist ein interaktives, sich permanent ver\u00e4nderndes Ausstellungsformat \u2013 gestaltet vom Vermittlungsteam der Kunsthalle Wien gemeinsam mit Kindern f\u00fcr Kinder und Erwachsene. Es f\u00f6rdert die Teilhabe im Bereich der Kunst und zeigt zeitgen\u00f6ssische k\u00fcnstlerische Positionen, die Kindern und Erwachsenen gleicherma\u00dfen Anregungen f\u00fcr eine kritische Auseinandersetzung bieten. Zugleich m\u00f6chten wir mit dieser Ausstellung das Bewusstsein f\u00fcr Rassismus, Diskriminierung und koloniale Vergangenheiten st\u00e4rken und durch k\u00fcnstlerische Umgestaltung, kreative Erg\u00e4nzung oder Neuinszenierung eine gr\u00f6\u00dfere Vielfalt schaffen.<\/p>\n\n\n\n<p><strong>K\u00fcnstler*innen: <\/strong>Carla Bobadilla,&nbsp;Eduard Freudmann und&nbsp;Zsuzsi Flohr,&nbsp;Jakob Lena Knebl,&nbsp;Martin Krenn und der Arbeitskreis zur Umgestaltung des Lueger-Denkmals,&nbsp;Luiza Margan sowie&nbsp;Margot Pilz in&nbsp;Zusammenarbeit mit&nbsp;<a rel=\"noreferrer noopener\" href=\"http:\/\/www.zara-training.at\/\" target=\"_blank\">ZARA Training<\/a> (Zivilcourage &amp; Antirassismus Arbeit).&nbsp;<\/p>\n\n\n\n<p>&#8220;Wir denken gemeinsam dar\u00fcber nach, wer in der Vergangenheit ein Denkmal bekommen hat und wer bisher \u00fcbergangen oder vergessen wurde. An welche Momente der Geschichte wollen oder sollen wir uns gemeinsam erinnern? F\u00fcr wen oder was w\u00fcrdest du ein Denkmal bauen wollen? Und wie w\u00fcrde ein von dir gestaltetes Denkmal ausschauen?&#8221;<\/p>\n\n\n\n<p>von und mit Beitr\u00e4gen der K\u00fcnstlerin&nbsp;<strong>Carla Bobadilla<\/strong> und den weiteren Mitgliedern des&nbsp;<strong>Kollektivs Decolonizing in Vienna!<\/strong> \u2013 &nbsp;<strong>Peter Haselmayer, Marietta Mayrhofer-Deak, Gregor Seidl<\/strong> und&nbsp;<strong>Marcela Torres Heredia<\/strong>.<\/p>\n\n\n\n<p>Der Eintritt ist f\u00fcr Kinder und Erwachsene frei!<\/p>\n\n\n\n<p><strong>\u00d6ffnungszeiten<\/strong><br>Di \/ Mi \/ Fr \/ So 11 \u2013 19 Uhr<br>Do 11 \u2013 21 Uhr<br>Sa 10 \u2013 19 Uhr<\/p>\n","protected":false},"excerpt":{"rendered":"<p>Ausstellung: \u201eSpace for Kids. Denk(dir)mal!\u201c 1.10. &#8211; 08.11.2020,&nbsp;Kunsthalle Wien Kurator*innen: Wolfgang Brunner, Andrea Hubin, Michaela Schmidlechner, Michael Simku, Martin Walker Programm f\u00fcr Kinder ab 6 Jahren Space for Kids ist ein interaktives, sich permanent ver\u00e4nderndes Ausstellungsformat \u2013 gestaltet vom Vermittlungsteam der Kunsthalle Wien gemeinsam mit Kindern f\u00fcr Kinder und Erwachsene. Es f\u00f6rdert die Teilhabe im&hellip; <a class=\"more-link\" href=\"https:\/\/decolonizinginvienna.at\/?page_id=89\"><span class=\"screen-reader-text\">Projekte<\/span> weiterlesen<\/a><\/p>\n","protected":false},"author":1,"featured_media":0,"parent":0,"menu_order":0,"comment_status":"closed","ping_status":"closed","template":"","meta":[],"_links":{"self":[{"href":"https:\/\/decolonizinginvienna.at\/index.php?rest_route=\/wp\/v2\/pages\/89"}],"collection":[{"href":"https:\/\/decolonizinginvienna.at\/index.php?rest_route=\/wp\/v2\/pages"}],"about":[{"href":"https:\/\/decolonizinginvienna.at\/index.php?rest_route=\/wp\/v2\/types\/page"}],"author":[{"embeddable":true,"href":"https:\/\/decolonizinginvienna.at\/index.php?rest_route=\/wp\/v2\/users\/1"}],"replies":[{"embeddable":true,"href":"https:\/\/decolonizinginvienna.at\/index.php?rest_route=%2Fwp%2Fv2%2Fcomments&post=89"}],"version-history":[{"count":5,"href":"https:\/\/decolonizinginvienna.at\/index.php?rest_route=\/wp\/v2\/pages\/89\/revisions"}],"predecessor-version":[{"id":213,"href":"https:\/\/decolonizinginvienna.at\/index.php?rest_route=\/wp\/v2\/pages\/89\/revisions\/213"}],"wp:attachment":[{"href":"https:\/\/decolonizinginvienna.at\/index.php?rest_route=%2Fwp%2Fv2%2Fmedia&parent=89"}],"curies":[{"name":"wp","href":"https:\/\/api.w.org\/{rel}","templated":true}]}}