{"id":92,"date":"2021-02-15T18:00:50","date_gmt":"2021-02-15T18:00:50","guid":{"rendered":"https:\/\/decolonizinginvienna.at\/?page_id=92"},"modified":"2022-07-26T09:49:27","modified_gmt":"2022-07-26T09:49:27","slug":"publikationen","status":"publish","type":"page","link":"https:\/\/decolonizinginvienna.at\/?page_id=92","title":{"rendered":"Publikationen"},"content":{"rendered":"\n<p><strong>Kollektiv &#8220;Decolonizing in Vienna!&#8221;:<\/strong><\/p>\n\n\n\n<p>Decolonizing in Vienna! (2022). <em>\u00d6sterreichs kulturelles Erbe<\/em>: <em>Am Beispiel Wiener Denkm\u00e4ler, Pl\u00e4tze, Stra\u00dfen und Hausfassaden<\/em>, Kunsthalle Wien.<br><a href=\"https:\/\/kunsthallewien.at\/101\/wp-content\/uploads\/2022\/02\/KHW_DecolonizingVienna_komplett_LowRes.pdf?x24075\">https:\/\/kunsthallewien.at\/101\/wp-content\/uploads\/2022\/02\/KHW_DecolonizingVienna_komplett_LowRes.pdf?x24075<\/a><\/p>\n\n\n\n<p>Kusche, F., Seidl, G., Korak, J., &amp;  Torres Heredia, M. (2021). Europa verr\u00fccken \u2013 K\u00e4mpfe zwischen Kolonialit\u00e4t und Dekolonialisierung. <em>Journal f\u00fcr Entwicklungspolitik XXXVIII<\/em>(1\/2). <a href=\"https:\/\/www.mattersburgerkreis.at\/site\/de\/publikationen\/jep\/alleausgabenartikel\/article\/503.html\">https:\/\/www.mattersburgerkreis.at\/site\/de\/publikationen\/jep\/alleausgabenartikel\/article\/503.html<\/a><\/p>\n\n\n\n<p>Bobadilla, C. (2020). Austria\u2019s Cultural Heritage: Strategies of Visualization and Contextualization.&nbsp;<em>Arts Management Quarterly:Postcolonial Cultural Management135<\/em>, 41\u201347. <a href=\"https:\/\/www.artsmanagement.net\/dlf\/cb8ebaea406f511bf6837472c02c7878,2.pdf\">https:\/\/www.artsmanagement.net\/dlf\/cb8ebaea406f511bf6837472c02c7878,2.pdf<\/a><\/p>\n\n\n\n<p>Torres Heredia, M. (2020). Chronik der Verflechtungen: Auseinandersetzungen um symbolische R\u00e4ume, <em>malmoe<\/em> 93, 17\u201318. <a href=\"https:\/\/www.malmoe.org\/2020\/10\/11\/dekolonialismus-denkmaeler-columbus\/\">https:\/\/www.malmoe.org\/2020\/10\/11\/dekolonialismus-denkmaeler-columbus\/<\/a><\/p>\n\n\n\n<p>Haselmayer, P. (2020). Koloniale Kontinuit\u00e4ten im Stadtbild Wiens: Erinnerungspolitische Anst\u00f6\u00dfe zu <em>wei\u00dfer<\/em> \u00dcberlegenheit am Beispiel von Stra\u00dfennamen und Denkm\u00e4lern.&nbsp;<em>malmoe 92<\/em>, 5. <a href=\"https:\/\/www.malmoe.org\/2020\/06\/26\/koloniale-kontinuitaten-im-stadtbild-wiens\/\">https:\/\/www.malmoe.org\/2020\/06\/26\/koloniale-kontinuitaten-im-stadtbild-wiens\/<\/a><\/p>\n\n\n\n<p>Haselmayer, P. (2020).&nbsp;<em>Re-Making H\u00fcgel: Versuche dekolonialer Praxen in Kunst, Bildung und kollektivem Ged\u00e4chtnis. 2016 &#8211; 2020<\/em>, Akademie der Bildenden K\u00fcnste Wien.&nbsp;<a href=\"https:\/\/remakinghugel.files.wordpress.com\/2020\/01\/koloniale-kontinuitc3a4ten.versuche-dekolonialer-praxen-1.pdf\">https:\/\/remakinghugel.files.wordpress.com\/2020\/01\/koloniale-kontinuitc3a4ten.versuche-dekolonialer-praxen-1.pdf<\/a><\/p>\n\n\n\n<p><strong>Weitere Literaturhinweise:<\/strong><\/p>\n\n\n\n<p>Scheck, S. K. (2022). <em>Postkoloniales &#8220;counter-mapping&#8221; als Beitrag zur Dekolonisierung von urbanen R\u00e4umen am Beispiel Wien<\/em>, Masterarbeit Universtit\u00e4t Wien, Fakult\u00e4t f\u00fcr Sozialwissenschaften, Institut f\u00fcr Internationale Entwicklung. <a href=\"https:\/\/utheses.univie.ac.at\/detail\/62674\/\" target=\"_blank\" rel=\"noreferrer noopener\">https:\/\/utheses.univie.ac.at\/detail\/62674\/<\/a><\/p>\n\n\n\n<p>Kastner, J. (2020). Das Modell Maxingpark: Warum kolonialistische Statuen in \u00d6sterreich so bald nicht niedergerissen werden, <em>Analyse &amp; Kritik 662<\/em>, 30. <a href=\"https:\/\/www.akweb.de\/bewegung\/warum-kolonialistische-statuen-in-osterreich-so-bald-nicht-niedergerissen-werden\/\">https:\/\/www.akweb.de\/bewegung\/warum-kolonialistische-statuen-in-osterreich-so-bald-nicht-niedergerissen-werden\/<\/a><\/p>\n\n\n\n<p>Kroyer, K., Bauer, D., &amp; Paredes Grijalva, D. (2020). \u201eKOLUMBUS? NEIN DANKE!\u201c, <em>Mosaik-Blog: Politik neu zusammendenken<\/em>: <a href=\"https:\/\/mosaik-blog.at\/kolumbus-nein-danke\/\">https:\/\/mosaik-blog.at\/kolumbus-nein-danke\/<\/a><\/p>\n","protected":false},"excerpt":{"rendered":"<p>Kollektiv &#8220;Decolonizing in Vienna!&#8221;: Decolonizing in Vienna! (2022). \u00d6sterreichs kulturelles Erbe: Am Beispiel Wiener Denkm\u00e4ler, Pl\u00e4tze, Stra\u00dfen und Hausfassaden, Kunsthalle Wien.https:\/\/kunsthallewien.at\/101\/wp-content\/uploads\/2022\/02\/KHW_DecolonizingVienna_komplett_LowRes.pdf?x24075 Kusche, F., Seidl, G., Korak, J., &amp; Torres Heredia, M. (2021). Europa verr\u00fccken \u2013 K\u00e4mpfe zwischen Kolonialit\u00e4t und Dekolonialisierung. Journal f\u00fcr Entwicklungspolitik XXXVIII(1\/2). https:\/\/www.mattersburgerkreis.at\/site\/de\/publikationen\/jep\/alleausgabenartikel\/article\/503.html Bobadilla, C. (2020). Austria\u2019s Cultural Heritage: Strategies of Visualization and&hellip; <a class=\"more-link\" href=\"https:\/\/decolonizinginvienna.at\/?page_id=92\"><span class=\"screen-reader-text\">Publikationen<\/span> weiterlesen<\/a><\/p>\n","protected":false},"author":1,"featured_media":0,"parent":0,"menu_order":0,"comment_status":"closed","ping_status":"closed","template":"","meta":[],"_links":{"self":[{"href":"https:\/\/decolonizinginvienna.at\/index.php?rest_route=\/wp\/v2\/pages\/92"}],"collection":[{"href":"https:\/\/decolonizinginvienna.at\/index.php?rest_route=\/wp\/v2\/pages"}],"about":[{"href":"https:\/\/decolonizinginvienna.at\/index.php?rest_route=\/wp\/v2\/types\/page"}],"author":[{"embeddable":true,"href":"https:\/\/decolonizinginvienna.at\/index.php?rest_route=\/wp\/v2\/users\/1"}],"replies":[{"embeddable":true,"href":"https:\/\/decolonizinginvienna.at\/index.php?rest_route=%2Fwp%2Fv2%2Fcomments&post=92"}],"version-history":[{"count":12,"href":"https:\/\/decolonizinginvienna.at\/index.php?rest_route=\/wp\/v2\/pages\/92\/revisions"}],"predecessor-version":[{"id":224,"href":"https:\/\/decolonizinginvienna.at\/index.php?rest_route=\/wp\/v2\/pages\/92\/revisions\/224"}],"wp:attachment":[{"href":"https:\/\/decolonizinginvienna.at\/index.php?rest_route=%2Fwp%2Fv2%2Fmedia&parent=92"}],"curies":[{"name":"wp","href":"https:\/\/api.w.org\/{rel}","templated":true}]}}